{"id":5,"date":"2024-02-11T18:47:44","date_gmt":"2024-02-11T17:47:44","guid":{"rendered":"https:\/\/upbox.es\/elrinconvenezolano\/?page_id=5"},"modified":"2024-02-12T01:07:19","modified_gmt":"2024-02-12T00:07:19","slug":"inicio","status":"publish","type":"page","link":"https:\/\/upbox.es\/elrinconvenezolano\/inicio","title":{"rendered":"Inicio"},"content":{"rendered":"<p>[et_pb_section fb_built=&#8221;1&#8243; _builder_version=&#8221;4.24.0&#8243; background_enable_color=&#8221;off&#8221; background_video_mp4=&#8221;https:\/\/upbox.es\/elrinconvenezolano\/wp-content\/uploads\/2024\/02\/webvideo2.mp4&#8243; custom_padding=&#8221;62px||82px|||&#8221; global_colors_info=&#8221;{}&#8221;][et_pb_row _builder_version=&#8221;4.16&#8243; background_size=&#8221;initial&#8221; background_position=&#8221;top_left&#8221; background_repeat=&#8221;repeat&#8221; custom_padding=&#8221;25px|||||&#8221; global_colors_info=&#8221;{}&#8221;][et_pb_column type=&#8221;4_4&#8243; _builder_version=&#8221;4.16&#8243; custom_padding=&#8221;|||&#8221; global_colors_info=&#8221;{}&#8221; custom_padding__hover=&#8221;|||&#8221;][et_pb_image src=&#8221;https:\/\/upbox.es\/elrinconvenezolano\/wp-content\/uploads\/2024\/02\/rinconvenezolanoSOMBRA.png&#8221; title_text=&#8221;rinconvenezolanoSOMBRA&#8221; align=&#8221;center&#8221; _builder_version=&#8221;4.24.0&#8243; _module_preset=&#8221;default&#8221; width=&#8221;47%&#8221; custom_margin=&#8221;-20px||||false|false&#8221; animation_style=&#8221;zoom&#8221; animation_duration=&#8221;1300ms&#8221; animation_delay=&#8221;400ms&#8221; animation_starting_opacity=&#8221;6%&#8221; scroll_scaling=&#8221;0|55|55|77|70|136%|100&#8243; global_colors_info=&#8221;{}&#8221;][\/et_pb_image][\/et_pb_column][\/et_pb_row][\/et_pb_section][et_pb_section fb_built=&#8221;1&#8243; disabled_on=&#8221;off|off|off&#8221; _builder_version=&#8221;4.24.0&#8243; _module_preset=&#8221;default&#8221; background_color=&#8221;#000000&#8243; custom_padding=&#8221;0px||0px|||&#8221; sticky_position=&#8221;top&#8221; global_colors_info=&#8221;{}&#8221;][et_pb_row column_structure=&#8221;1_3,1_3,1_3&#8243; _builder_version=&#8221;4.24.0&#8243; _module_preset=&#8221;default&#8221; custom_padding=&#8221;2px||0px|||&#8221; global_colors_info=&#8221;{}&#8221;][et_pb_column type=&#8221;1_3&#8243; _builder_version=&#8221;4.24.0&#8243; _module_preset=&#8221;default&#8221; global_colors_info=&#8221;{}&#8221;][et_pb_text _builder_version=&#8221;4.24.0&#8243; _module_preset=&#8221;default&#8221; text_font=&#8221;Rubik Distressed||||||||&#8221; text_font_size=&#8221;29px&#8221; text_orientation=&#8221;center&#8221; custom_padding=&#8221;19px||19px||true|false&#8221; global_colors_info=&#8221;{}&#8221;] (+34) 912 551 767 [\/et_pb_text][\/et_pb_column][et_pb_column type=&#8221;1_3&#8243; _builder_version=&#8221;4.24.0&#8243; _module_preset=&#8221;default&#8221; global_colors_info=&#8221;{}&#8221;][\/et_pb_column][et_pb_column type=&#8221;1_3&#8243; _builder_version=&#8221;4.24.0&#8243; _module_preset=&#8221;default&#8221; global_colors_info=&#8221;{}&#8221;][et_pb_text _builder_version=&#8221;4.24.0&#8243; _module_preset=&#8221;default&#8221; text_font=&#8221;Rubik Distressed||||||||&#8221; text_font_size=&#8221;29px&#8221; text_orientation=&#8221;center&#8221; custom_padding=&#8221;19px||19px||true|false&#8221; global_colors_info=&#8221;{}&#8221;]<\/p>\n<p>Delivery<\/p>\n<p>[\/et_pb_text][\/et_pb_column][\/et_pb_row][\/et_pb_section][et_pb_section fb_built=&#8221;1&#8243; _builder_version=&#8221;4.24.0&#8243; _module_preset=&#8221;default&#8221; background_enable_color=&#8221;off&#8221; use_background_color_gradient=&#8221;on&#8221; background_color_gradient_type=&#8221;circular&#8221; background_color_gradient_stops=&#8221;#423900 4ch|rgba(0,0,3,0.75) 31ch&#8221; background_color_gradient_unit=&#8221;ch&#8221; background_color_gradient_overlays_image=&#8221;on&#8221; background_image=&#8221;https:\/\/upbox.es\/elrinconvenezolano\/wp-content\/uploads\/2024\/02\/RINCON-VENEZOLANO-2-2-scaled.jpg&#8221; background_position=&#8221;bottom_left&#8221; background_enable_video_mp4=&#8221;off&#8221; background_enable_pattern_style=&#8221;on&#8221; background_pattern_style=&#8221;diagonal-stripes-2&#8243; background_pattern_color=&#8221;rgba(232,154,0,0.11)&#8221; background_pattern_transform=&#8221;rotate_90_degree|flip_vertical&#8221; background_enable_mask_style=&#8221;on&#8221; background_mask_style=&#8221;arch&#8221; background_mask_color=&#8221;#000000&#8243; background_mask_aspect_ratio=&#8221;portrait&#8221; background_mask_blend_mode=&#8221;color-dodge&#8221; custom_padding=&#8221;107px||124px|||&#8221; bottom_divider_style=&#8221;wave2&#8243; bottom_divider_color=&#8221;gcid-822c4284-3f09-49d1-9499-90a7ce5ce17a&#8221; bottom_divider_height=&#8221;216px&#8221; bottom_divider_flip=&#8221;horizontal&#8221; global_colors_info=&#8221;{%22gcid-822c4284-3f09-49d1-9499-90a7ce5ce17a%22:%91%22bottom_divider_color%22%93}&#8221;][et_pb_row column_structure=&#8221;2_5,3_5&#8243; _builder_version=&#8221;4.24.0&#8243; _module_preset=&#8221;default&#8221; width=&#8221;95%&#8221; custom_margin=&#8221;6px|auto||auto||&#8221; custom_padding=&#8221;56px||74px||false|&#8221; scroll_vertical_motion_enable=&#8221;on&#8221; scroll_vertical_motion=&#8221;0|42|42|79|0|0|0.5&#8243; global_colors_info=&#8221;{}&#8221;][et_pb_column type=&#8221;2_5&#8243; _builder_version=&#8221;4.24.0&#8243; _module_preset=&#8221;default&#8221; global_colors_info=&#8221;{}&#8221;][et_pb_text _builder_version=&#8221;4.24.0&#8243; _module_preset=&#8221;default&#8221; text_font=&#8221;Big Shoulders Inline Display|700||on|||||&#8221; text_text_color=&#8221;gcid-822c4284-3f09-49d1-9499-90a7ce5ce17a&#8221; text_font_size=&#8221;154px&#8221; text_letter_spacing=&#8221;-2px&#8221; text_line_height=&#8221;0em&#8221; custom_margin=&#8221;17px|-727px||||&#8221; custom_padding=&#8221;|0px||||&#8221; scroll_horizontal_motion_enable=&#8221;on&#8221; scroll_horizontal_motion=&#8221;0|49|49|100|-3.5|0|0&#8243; motion_trigger_start=&#8221;top&#8221; global_colors_info=&#8221;{%22gcid-822c4284-3f09-49d1-9499-90a7ce5ce17a%22:%91%22text_text_color%22%93}&#8221;]<\/p>\n<p>Empanadas<\/p>\n<p>Arepas<\/p>\n<p>Cachapas<\/p>\n<p>Parrilla y mucho m\u00e1s<\/p>\n<p>[\/et_pb_text][\/et_pb_column][et_pb_column type=&#8221;3_5&#8243; _builder_version=&#8221;4.24.0&#8243; _module_preset=&#8221;default&#8221; global_colors_info=&#8221;{}&#8221;][et_pb_image src=&#8221;https:\/\/upbox.es\/elrinconvenezolano\/wp-content\/uploads\/2024\/02\/Cachapaconpernil1.png&#8221; title_text=&#8221;Cachapaconpernil1&#8243; force_fullwidth=&#8221;on&#8221; _builder_version=&#8221;4.24.0&#8243; _module_preset=&#8221;default&#8221; transform_scale=&#8221;106%|106%&#8221; transform_translate=&#8221;-61px|-76px&#8221; transform_translate_linked=&#8221;off&#8221; custom_padding=&#8221;0px||||false|false&#8221; scroll_vertical_motion=&#8221;59|85|85|100|-1|-1|0.3&#8243; scroll_horizontal_motion_enable=&#8221;on&#8221; scroll_horizontal_motion=&#8221;0|66|66|93|3.5|-1|-0.8&#8243; scroll_rotating=&#8221;0|48|48|100|-22\u00b0|0|0&#8243; motion_trigger_start=&#8221;top&#8221; hover_enabled=&#8221;0&#8243; global_colors_info=&#8221;{}&#8221; sticky_enabled=&#8221;0&#8243;][\/et_pb_image][\/et_pb_column][\/et_pb_row][et_pb_row column_structure=&#8221;1_2,1_2&#8243; use_custom_gutter=&#8221;on&#8221; gutter_width=&#8221;2&#8243; _builder_version=&#8221;4.24.0&#8243; _module_preset=&#8221;default&#8221; width=&#8221;95%&#8221; custom_padding=&#8221;50px||||false|false&#8221; hover_enabled=&#8221;0&#8243; global_colors_info=&#8221;{}&#8221; width__hover_enabled=&#8221;on|hover&#8221; width__hover=&#8221;90%&#8221; transform_styles__hover_enabled=&#8221;on|hover&#8221; transform_scale__hover_enabled=&#8221;on|hover&#8221; transform_translate__hover_enabled=&#8221;on|desktop&#8221; transform_rotate__hover_enabled=&#8221;on|desktop&#8221; transform_skew__hover_enabled=&#8221;on|desktop&#8221; transform_origin__hover_enabled=&#8221;on|desktop&#8221; transform_scale__hover=&#8221;103%|103%&#8221; sticky_enabled=&#8221;0&#8243;][et_pb_column type=&#8221;1_2&#8243; _builder_version=&#8221;4.24.0&#8243; _module_preset=&#8221;default&#8221; global_colors_info=&#8221;{}&#8221;][et_pb_button button_url=&#8221;#&#8221; button_text=&#8221;RESERVACIONES&#8221; button_alignment=&#8221;right&#8221; _builder_version=&#8221;4.24.0&#8243; _module_preset=&#8221;default&#8221; custom_button=&#8221;on&#8221; button_text_size=&#8221;30px&#8221; button_border_color=&#8221;gcid-250bde6b-514b-4bfa-ba47-2084b98d0011&#8243; button_border_radius=&#8221;40px&#8221; button_letter_spacing=&#8221;1px&#8221; button_font=&#8221;Big Shoulders Display|900||on|||||&#8221; button_use_icon=&#8221;off&#8221; custom_margin=&#8221;|||||false&#8221; custom_padding=&#8221;|60px||60px|false|true&#8221; box_shadow_style=&#8221;preset1&#8243; box_shadow_color=&#8221;rgba(237,240,0,0.3)&#8221; global_colors_info=&#8221;{%22gcid-250bde6b-514b-4bfa-ba47-2084b98d0011%22:%91%22button_border_color%22,%22button_border_color%22%93}&#8221; box_shadow_color__hover_enabled=&#8221;on|desktop&#8221; box_shadow_color__hover=&#8221;#e5d200&#8243; button_border_color__hover_enabled=&#8221;on|hover&#8221; button_border_color__hover=&#8221;#ead700&#8243; button_border_radius__hover=&#8221;45px&#8221; button_border_radius__hover_enabled=&#8221;on|hover&#8221;][\/et_pb_button][\/et_pb_column][et_pb_column type=&#8221;1_2&#8243; _builder_version=&#8221;4.24.0&#8243; _module_preset=&#8221;default&#8221; global_colors_info=&#8221;{}&#8221;][et_pb_button button_url=&#8221;#&#8221; button_text=&#8221;Nuestra Carta&#8221; button_alignment=&#8221;left&#8221; _builder_version=&#8221;4.24.0&#8243; _module_preset=&#8221;default&#8221; custom_button=&#8221;on&#8221; button_text_size=&#8221;30px&#8221; button_border_color=&#8221;gcid-250bde6b-514b-4bfa-ba47-2084b98d0011&#8243; button_border_radius=&#8221;40px&#8221; button_letter_spacing=&#8221;1px&#8221; button_font=&#8221;Big Shoulders Display|900||on|||||&#8221; button_use_icon=&#8221;off&#8221; custom_margin=&#8221;|||||false&#8221; custom_padding=&#8221;|60px||60px|false|true&#8221; box_shadow_style=&#8221;preset1&#8243; box_shadow_color=&#8221;rgba(237,240,0,0.3)&#8221; global_colors_info=&#8221;{%22gcid-250bde6b-514b-4bfa-ba47-2084b98d0011%22:%91%22button_border_color%22%93}&#8221; box_shadow_color__hover_enabled=&#8221;on|desktop&#8221; box_shadow_color__hover=&#8221;#e5d200&#8243; button_border_color__hover_enabled=&#8221;on|hover&#8221; button_border_color__hover=&#8221;#ead700&#8243; button_border_radius__hover_enabled=&#8221;on|hover&#8221; button_border_radius__hover=&#8221;45px&#8221;][\/et_pb_button][\/et_pb_column][\/et_pb_row][\/et_pb_section][et_pb_section fb_built=&#8221;1&#8243; _builder_version=&#8221;4.24.0&#8243; _module_preset=&#8221;default&#8221; background_color=&#8221;gcid-822c4284-3f09-49d1-9499-90a7ce5ce17a&#8221; custom_padding=&#8221;14px||5px|||&#8221; global_colors_info=&#8221;{%22gcid-822c4284-3f09-49d1-9499-90a7ce5ce17a%22:%91%22background_color_gradient_stops%22,%22background_color%22%93}&#8221;][et_pb_row column_structure=&#8221;1_2,1_2&#8243; _builder_version=&#8221;4.24.0&#8243; _module_preset=&#8221;default&#8221; custom_padding=&#8221;8px|||||&#8221; hover_enabled=&#8221;0&#8243; global_colors_info=&#8221;{}&#8221; width=&#8221;95%&#8221; sticky_enabled=&#8221;0&#8243; use_custom_gutter=&#8221;on&#8221; gutter_width=&#8221;2&#8243;][et_pb_column type=&#8221;1_2&#8243; _builder_version=&#8221;4.24.0&#8243; _module_preset=&#8221;default&#8221; global_colors_info=&#8221;{}&#8221;][et_pb_gallery gallery_ids=&#8221;13,12,14&#8243; gallery_orderby=&#8221;rand&#8221; fullwidth=&#8221;on&#8221; _builder_version=&#8221;4.24.0&#8243; _module_preset=&#8221;default&#8221; custom_margin=&#8221;-56px||||false|false&#8221; scroll_vertical_motion_enable=&#8221;on&#8221; scroll_vertical_motion=&#8221;0|43|43|100|1.5|-0.3|0&#8243; scroll_horizontal_motion=&#8221;0|52|52|100|4|0|-4&#8243; motion_trigger_start=&#8221;top&#8221; global_colors_info=&#8221;{}&#8221;][\/et_pb_gallery][\/et_pb_column][et_pb_column type=&#8221;1_2&#8243; _builder_version=&#8221;4.24.0&#8243; _module_preset=&#8221;default&#8221; global_colors_info=&#8221;{}&#8221;][et_pb_text _builder_version=&#8221;4.24.0&#8243; _module_preset=&#8221;default&#8221; text_font=&#8221;Big Shoulders Inline Text||||||||&#8221; text_text_color=&#8221;#000000&#8243; text_font_size=&#8221;86px&#8221; custom_margin=&#8221;59px||35px||false|false&#8221; hover_enabled=&#8221;0&#8243; global_colors_info=&#8221;{}&#8221; sticky_enabled=&#8221;0&#8243;]<\/p>\n<p>Nuestros Sabores<\/p>\n<p>[\/et_pb_text][et_pb_text _builder_version=&#8221;4.24.0&#8243; _module_preset=&#8221;default&#8221; text_font=&#8221;Advent Pro||||||||&#8221; text_text_color=&#8221;#000000&#8243; text_font_size=&#8221;37px&#8221; text_line_height=&#8221;1.1em&#8221; global_colors_info=&#8221;{}&#8221;]<\/p>\n<p>Revive con nosotros los exquisitos sabores de nuestro pa\u00eds Venezuela, platos tipicos, entradas, bocadillos y m\u00e1s.<\/p>\n<p>[\/et_pb_text][\/et_pb_column][\/et_pb_row][\/et_pb_section][et_pb_section fb_built=&#8221;1&#8243; _builder_version=&#8221;4.24.0&#8243; _module_preset=&#8221;default&#8221; background_enable_color=&#8221;off&#8221; use_background_color_gradient=&#8221;on&#8221; background_color_gradient_direction=&#8221;103deg&#8221; background_color_gradient_stops=&#8221;#000000 57%|rgba(255,255,255,0) 65%&#8221; background_color_gradient_overlays_image=&#8221;on&#8221; background_image=&#8221;https:\/\/upbox.es\/elrinconvenezolano\/wp-content\/uploads\/2024\/02\/fachada.jpg&#8221; background_size=&#8221;contain&#8221; background_position=&#8221;top_right&#8221; custom_padding=&#8221;107px||102px|||&#8221; top_divider_style=&#8221;wave&#8221; top_divider_color=&#8221;gcid-822c4284-3f09-49d1-9499-90a7ce5ce17a&#8221; global_colors_info=&#8221;{%22gcid-822c4284-3f09-49d1-9499-90a7ce5ce17a%22:%91%22top_divider_color%22%93}&#8221;][et_pb_row column_structure=&#8221;1_2,1_2&#8243; _builder_version=&#8221;4.24.0&#8243; _module_preset=&#8221;default&#8221; custom_padding=&#8221;8px|||||&#8221; global_colors_info=&#8221;{}&#8221;][et_pb_column type=&#8221;1_2&#8243; _builder_version=&#8221;4.24.0&#8243; _module_preset=&#8221;default&#8221; global_colors_info=&#8221;{}&#8221;][et_pb_text _builder_version=&#8221;4.24.0&#8243; _module_preset=&#8221;default&#8221; text_font=&#8221;Big Shoulders Inline Text||||||||&#8221; text_text_color=&#8221;#FFFFFF&#8221; text_font_size=&#8221;86px&#8221; custom_margin=&#8221;59px||||false|false&#8221; global_colors_info=&#8221;{}&#8221;]VISITANOS[\/et_pb_text][et_pb_text _builder_version=&#8221;4.24.0&#8243; _module_preset=&#8221;default&#8221; text_font=&#8221;Advent Pro||||||||&#8221; text_text_color=&#8221;#FFFFFF&#8221; text_font_size=&#8221;37px&#8221; text_line_height=&#8221;1.1em&#8221; global_colors_info=&#8221;{}&#8221;]Av. del Dr. Federico Rubio y Gal\u00ed 40<br \/>\nMadrid Espa\u00f1a.[\/et_pb_text][et_pb_text _builder_version=&#8221;4.24.0&#8243; _module_preset=&#8221;default&#8221; text_font=&#8221;Big Shoulders Inline Text||||||||&#8221; text_text_color=&#8221;#FFFFFF&#8221; text_font_size=&#8221;86px&#8221; custom_margin=&#8221;59px||||false|false&#8221; global_colors_info=&#8221;{}&#8221;]<\/p>\n<p>Delivery<\/p>\n<p>[\/et_pb_text][et_pb_text _builder_version=&#8221;4.24.0&#8243; _module_preset=&#8221;default&#8221; text_font=&#8221;Advent Pro||||||||&#8221; text_text_color=&#8221;#FFFFFF&#8221; text_font_size=&#8221;28px&#8221; text_line_height=&#8221;1.1em&#8221; global_colors_info=&#8221;{}&#8221;]<\/p>\n<p>Tambi\u00e9n disponemos cuenta en UberEats &amp; Glovo, \u00f3 si lo prefieres ll\u00e1manos para que puedas disfrutar de todo lo que ofrecemos.<\/p>\n<p>[\/et_pb_text][et_pb_social_media_follow _builder_version=&#8221;4.24.0&#8243; _module_preset=&#8221;default&#8221; global_colors_info=&#8221;{}&#8221;][et_pb_social_media_follow_network social_network=&#8221;facebook&#8221; _builder_version=&#8221;4.24.0&#8243; _module_preset=&#8221;default&#8221; background_color=&#8221;#3b5998&#8243; global_colors_info=&#8221;{}&#8221; follow_button=&#8221;off&#8221; url_new_window=&#8221;on&#8221;]facebook[\/et_pb_social_media_follow_network][et_pb_social_media_follow_network social_network=&#8221;instagram&#8221; _builder_version=&#8221;4.24.0&#8243; _module_preset=&#8221;default&#8221; background_color=&#8221;#ea2c59&#8243; global_colors_info=&#8221;{}&#8221; follow_button=&#8221;off&#8221; url_new_window=&#8221;on&#8221;]instagram[\/et_pb_social_media_follow_network][et_pb_social_media_follow_network social_network=&#8221;whatsapp&#8221; _builder_version=&#8221;4.24.0&#8243; _module_preset=&#8221;default&#8221; background_color=&#8221;#25D366&#8243; global_colors_info=&#8221;{}&#8221; follow_button=&#8221;off&#8221; url_new_window=&#8221;on&#8221;]whatsapp[\/et_pb_social_media_follow_network][\/et_pb_social_media_follow][\/et_pb_column][et_pb_column type=&#8221;1_2&#8243; _builder_version=&#8221;4.24.0&#8243; _module_preset=&#8221;default&#8221; global_colors_info=&#8221;{}&#8221;][\/et_pb_column][\/et_pb_row][\/et_pb_section][et_pb_section fb_built=&#8221;1&#8243; _builder_version=&#8221;4.24.0&#8243; _module_preset=&#8221;default&#8221; background_color=&#8221;#FFFFFF&#8221; custom_padding=&#8221;304px||445px|||&#8221; top_divider_color=&#8221;#000000&#8243; global_colors_info=&#8221;{%22gcid-f31a3b3a-b8cd-4316-a183-8c599f121058%22:%91%22top_divider_color%22%93}&#8221;][\/et_pb_section]<\/p>\n","protected":false},"excerpt":{"rendered":"<p>(+34) 912 551 767 DeliveryEmpanadas Arepas Cachapas Parrilla y mucho m\u00e1sNuestros SaboresRevive con nosotros los exquisitos sabores de nuestro pa\u00eds Venezuela, platos tipicos, entradas, bocadillos y m\u00e1s.VISITANOSAv. del Dr. Federico Rubio y Gal\u00ed 40 Madrid Espa\u00f1a.DeliveryTambi\u00e9n disponemos cuenta en UberEats &amp; Glovo, \u00f3 si lo prefieres ll\u00e1manos para que puedas disfrutar de todo lo que [&hellip;]<\/p>\n","protected":false},"author":1,"featured_media":0,"parent":0,"menu_order":0,"comment_status":"closed","ping_status":"closed","template":"page-template-blank.php","meta":{"_et_pb_use_builder":"on","_et_pb_old_content":"<!-- wp:paragraph -->\n<p>a<\/p>\n<!-- \/wp:paragraph -->","_et_gb_content_width":"","footnotes":""},"class_list":["post-5","page","type-page","status-publish","hentry"],"_links":{"self":[{"href":"https:\/\/upbox.es\/elrinconvenezolano\/wp-json\/wp\/v2\/pages\/5","targetHints":{"allow":["GET"]}}],"collection":[{"href":"https:\/\/upbox.es\/elrinconvenezolano\/wp-json\/wp\/v2\/pages"}],"about":[{"href":"https:\/\/upbox.es\/elrinconvenezolano\/wp-json\/wp\/v2\/types\/page"}],"author":[{"embeddable":true,"href":"https:\/\/upbox.es\/elrinconvenezolano\/wp-json\/wp\/v2\/users\/1"}],"replies":[{"embeddable":true,"href":"https:\/\/upbox.es\/elrinconvenezolano\/wp-json\/wp\/v2\/comments?post=5"}],"version-history":[{"count":132,"href":"https:\/\/upbox.es\/elrinconvenezolano\/wp-json\/wp\/v2\/pages\/5\/revisions"}],"predecessor-version":[{"id":175,"href":"https:\/\/upbox.es\/elrinconvenezolano\/wp-json\/wp\/v2\/pages\/5\/revisions\/175"}],"wp:attachment":[{"href":"https:\/\/upbox.es\/elrinconvenezolano\/wp-json\/wp\/v2\/media?parent=5"}],"curies":[{"name":"wp","href":"https:\/\/api.w.org\/{rel}","templated":true}]}}